{"id":7,"date":"2021-01-13T00:05:50","date_gmt":"2021-01-13T00:05:50","guid":{"rendered":"https:\/\/reml.live\/?page_id=7"},"modified":"2021-10-03T20:32:07","modified_gmt":"2021-10-03T20:32:07","slug":"homepage","status":"publish","type":"page","link":"https:\/\/nevfreeman.reml.live\/en\/","title":{"rendered":"Confederaci\u00f3n REML"},"content":{"rendered":"<div style=\"background-color:#000000;padding-left:8%;padding-right:8%;padding-bottom:30%;padding-top:30%\" class=\"wp-block-genesis-blocks-gb-container narrow-content light-text gb-block-container alignfull\"><div class=\"gb-container-inside\"><div class=\"gb-container-image-wrap\"><img class=\"gb-container-image has-background-dim-100 has-background-dim\" src=\"https:\/\/nevfreeman.reml.live\/wp-content\/uploads\/2021\/10\/mar.png\" alt=\"\"\/><\/div><div class=\"gb-container-content\" style=\"max-width:1200px\">\n<figure class=\"wp-block-image size-large is-resized\"><img loading=\"lazy\" src=\"https:\/\/nevfreeman.reml.live\/wp-content\/uploads\/2021\/10\/Nev-freeman_RED_v2-1024x1002.png\" alt=\"\" class=\"wp-image-476\" width=\"114\" height=\"111\" srcset=\"https:\/\/nevfreeman.reml.live\/wp-content\/uploads\/2021\/10\/Nev-freeman_RED_v2-1024x1002.png 1024w, https:\/\/nevfreeman.reml.live\/wp-content\/uploads\/2021\/10\/Nev-freeman_RED_v2-300x294.png 300w, https:\/\/nevfreeman.reml.live\/wp-content\/uploads\/2021\/10\/Nev-freeman_RED_v2-12x12.png 12w, https:\/\/nevfreeman.reml.live\/wp-content\/uploads\/2021\/10\/Nev-freeman_RED_v2-700x685.png 700w\" sizes=\"(max-width: 114px) 100vw, 114px\" \/><\/figure>\n\n\n\n<h1 class=\"has-text-align-left bold-heading-text fade-in-up\">Nev Freeman <\/h1>\n\n\n\n<h1 class=\"fade-in-up\">WEB INSTITUCIONAL<br>Nev Freeman R.E.M.L.<\/h1>\n\n\n\n<p class=\"fade-in-up has-text-color has-small-font-size\" style=\"color:#ffffff\">Miembro de la <strong><strong>Confederaci\u00f3n de Republicas Errantes Menda Lerenda<\/strong><\/strong>.<\/p>\n<\/div><\/div><\/div>\n\n\n\n<div style=\"padding-left:8%;padding-right:8%;padding-bottom:10%;padding-top:10%\" class=\"wp-block-genesis-blocks-gb-container gb-block-container alignfull\"><div class=\"gb-container-inside\"><div class=\"gb-container-content\" style=\"max-width:1200px\">\n<h2 class=\"bold-text fade-in-up\">DEPARTAMENTOS<\/h2>\n\n\n\n<p class=\"fade-in-up\"><\/p>\n\n\n\n<hr class=\"wp-block-separator is-style-default fade-in-up\"\/>\n\n\n\n<div class=\"wp-block-columns has-3-columns fade-in-up\">\n<div class=\"wp-block-column\">\n<h3 class=\"has-text-align-center has-normal-font-size\"><strong><a href=\"https:\/\/www.republicamendalerenda.net\/oficina\" data-type=\"URL\" data-id=\"https:\/\/www.republicamendalerenda.net\/oficina\" target=\"_blank\" rel=\"noreferrer noopener\">OFICINA DE TRAMITACI\u00d3N<\/a><\/strong><\/h3>\n\n\n\n<div class=\"wp-block-image\"><figure class=\"aligncenter size-large is-resized\"><a href=\"https:\/\/www.republicamendalerenda.net\/oficina\"><img loading=\"lazy\" src=\"https:\/\/nevfreeman.reml.live\/wp-content\/uploads\/2021\/10\/reml.jpg\" alt=\"\" class=\"wp-image-467\" width=\"129\" height=\"86\" srcset=\"https:\/\/nevfreeman.reml.live\/wp-content\/uploads\/2021\/10\/reml.jpg 567w, https:\/\/nevfreeman.reml.live\/wp-content\/uploads\/2021\/10\/reml-300x200.jpg 300w, https:\/\/nevfreeman.reml.live\/wp-content\/uploads\/2021\/10\/reml-16x12.jpg 16w\" sizes=\"(max-width: 129px) 100vw, 129px\" \/><\/a><\/figure><\/div>\n\n\n\n<div class=\"wp-block-buttons alignleft\"><\/div>\n\n\n\n<p><\/p>\n<\/div>\n\n\n\n<div class=\"wp-block-column\">\n<h3 class=\"has-text-align-center has-normal-font-size\"><strong><a href=\"https:\/\/nevfreeman.reml.live\/en\/fundamentos-reml\/\" data-type=\"URL\" data-id=\"https:\/\/nevfreeman.reml.live\/fundamentos-reml\/\">FUNDAMENTOS REML<\/a><\/strong><\/h3>\n\n\n\n<div class=\"wp-block-image\"><figure class=\"aligncenter size-large is-resized\"><a href=\"https:\/\/nevfreeman.reml.live\/en\/fundamentos-reml\/\"><img loading=\"lazy\" src=\"https:\/\/nevfreeman.reml.live\/wp-content\/uploads\/2021\/10\/Menda-lerenda_simbolo.png\" alt=\"\" class=\"wp-image-460\" width=\"127\" height=\"84\" srcset=\"https:\/\/nevfreeman.reml.live\/wp-content\/uploads\/2021\/10\/Menda-lerenda_simbolo.png 803w, https:\/\/nevfreeman.reml.live\/wp-content\/uploads\/2021\/10\/Menda-lerenda_simbolo-300x200.png 300w, https:\/\/nevfreeman.reml.live\/wp-content\/uploads\/2021\/10\/Menda-lerenda_simbolo-16x12.png 16w, https:\/\/nevfreeman.reml.live\/wp-content\/uploads\/2021\/10\/Menda-lerenda_simbolo-700x466.png 700w\" sizes=\"(max-width: 127px) 100vw, 127px\" \/><\/a><\/figure><\/div>\n\n\n\n<div class=\"wp-block-buttons alignleft\"><\/div>\n\n\n\n<p><\/p>\n<\/div>\n\n\n\n<div class=\"wp-block-column\">\n<h3 class=\"has-text-align-center has-normal-font-size\"><strong><a href=\"https:\/\/schoolfreeman.wordpress.com\/\" target=\"_blank\" rel=\"noreferrer noopener\">SCHOOL FREEMAN INTERNATIONAL<\/a><\/strong><\/h3>\n\n\n\n<p class=\"has-text-align-center\" style=\"font-size:16px\">Espacio para la libertad y la soberan\u00eda<\/p>\n\n\n\n<div class=\"wp-block-image\"><figure class=\"aligncenter size-large is-resized\"><a href=\"https:\/\/schoolfreeman.wordpress.com\/\"><img loading=\"lazy\" src=\"https:\/\/nevfreeman.reml.live\/wp-content\/uploads\/2021\/10\/school-freeman-1024x1024.png\" alt=\"\" class=\"wp-image-457\" width=\"141\" height=\"141\" srcset=\"https:\/\/nevfreeman.reml.live\/wp-content\/uploads\/2021\/10\/school-freeman-1024x1024.png 1024w, https:\/\/nevfreeman.reml.live\/wp-content\/uploads\/2021\/10\/school-freeman-300x300.png 300w, https:\/\/nevfreeman.reml.live\/wp-content\/uploads\/2021\/10\/school-freeman-150x150.png 150w, https:\/\/nevfreeman.reml.live\/wp-content\/uploads\/2021\/10\/school-freeman-12x12.png 12w, https:\/\/nevfreeman.reml.live\/wp-content\/uploads\/2021\/10\/school-freeman-700x700.png 700w\" sizes=\"(max-width: 141px) 100vw, 141px\" \/><\/a><\/figure><\/div>\n\n\n\n<div class=\"wp-block-buttons alignleft\"><\/div>\n<\/div>\n<\/div>\n\n\n\n<div class=\"wp-block-image\"><figure class=\"aligncenter size-large is-resized\"><a href=\"https:\/\/reml.live\/\"><img loading=\"lazy\" src=\"https:\/\/nevfreeman.reml.live\/wp-content\/uploads\/2021\/10\/cropped-logo-CONFEDERACION-WEB-REML344x150-1-230x90-1.png\" alt=\"\" class=\"wp-image-485\" width=\"289\" height=\"113\" srcset=\"https:\/\/nevfreeman.reml.live\/wp-content\/uploads\/2021\/10\/cropped-logo-CONFEDERACION-WEB-REML344x150-1-230x90-1.png 230w, https:\/\/nevfreeman.reml.live\/wp-content\/uploads\/2021\/10\/cropped-logo-CONFEDERACION-WEB-REML344x150-1-230x90-1-16x6.png 16w\" sizes=\"(max-width: 289px) 100vw, 289px\" \/><\/a><\/figure><\/div>\n\n\n\n<div style=\"height:65px\" aria-hidden=\"true\" class=\"wp-block-spacer\"><\/div>\n\n\n\n<div style=\"height:65px\" aria-hidden=\"true\" class=\"wp-block-spacer\"><\/div>\n\n\n\n<h2 class=\"has-text-align-center\"><a href=\"https:\/\/www.republicamendalerenda.net\/sede-union-de-naciones\" data-type=\"URL\" data-id=\"https:\/\/www.republicamendalerenda.net\/sede-union-de-naciones\" target=\"_blank\" rel=\"noreferrer noopener\">SEDE UNI\u00d3N DE NACIONES<\/a><\/h2>\n\n\n\n<div class=\"wp-block-image\"><figure class=\"aligncenter size-full\"><a href=\"https:\/\/www.republicamendalerenda.net\/sede-union-de-naciones\" target=\"_blank\" rel=\"noopener\"><img loading=\"lazy\" width=\"242\" height=\"240\" src=\"https:\/\/nevfreeman.reml.live\/wp-content\/uploads\/2021\/01\/sun-reml.png\" alt=\"\" class=\"wp-image-27\" srcset=\"https:\/\/nevfreeman.reml.live\/wp-content\/uploads\/2021\/01\/sun-reml.png 242w, https:\/\/nevfreeman.reml.live\/wp-content\/uploads\/2021\/01\/sun-reml-150x150.png 150w, https:\/\/nevfreeman.reml.live\/wp-content\/uploads\/2021\/01\/sun-reml-80x80.png 80w\" sizes=\"(max-width: 242px) 100vw, 242px\" \/><\/a><\/figure><\/div>\n\n\n\n<p><\/p>\n<\/div><\/div><\/div>\n\n\n\n<div style=\"background-color:#000000;padding-left:8%;padding-right:8%;padding-bottom:15%;padding-top:15%\" class=\"wp-block-genesis-blocks-gb-container light-text gb-block-container alignfull\"><div class=\"gb-container-inside\"><div class=\"gb-container-image-wrap\"><img class=\"gb-container-image has-background-dim-100 has-background-dim\" src=\"https:\/\/nevfreeman.reml.live\/wp-content\/uploads\/2021\/10\/barco-e-mar-scaled.jpg\" alt=\"\"\/><\/div><div class=\"gb-container-content\" style=\"max-width:1200px\">\n<h2 class=\"has-text-align-left bold-text fade-in-up\">Estados Soberanos REML.<\/h2>\n\n\n\n<p class=\"fade-in-up has-text-color\" style=\"color:#ffffff\">Uni\u00f3n de Confederados REML. Su integraci\u00f3n y participaci\u00f3n es libre.<\/p>\n\n\n\n<hr class=\"wp-block-separator has-text-color has-background is-style-default fade-in-up\" style=\"background-color:#ffffff;color:#ffffff\"\/>\n\n\n\n<div class=\"wp-block-columns fade-in-up brand-logos\">\n<div class=\"wp-block-column\"><\/div>\n\n\n\n<div class=\"wp-block-column\"><\/div>\n\n\n\n<div class=\"wp-block-column\"><\/div>\n\n\n\n<div class=\"wp-block-column\"><\/div>\n\n\n\n<div class=\"wp-block-column\"><\/div>\n\n\n\n<div class=\"wp-block-column\"><\/div>\n<\/div>\n<\/div><\/div><\/div>\n\n\n\n<div style=\"padding-left:8%;padding-right:8%;padding-bottom:2%;padding-top:10%\" class=\"wp-block-genesis-blocks-gb-container gb-block-container alignfull\"><div class=\"gb-container-inside\"><div class=\"gb-container-content\" style=\"max-width:1200px\">\n<h2 class=\"bold-text fade-in-up\">\u00daltimas noticias.<\/h2>\n\n\n\n<p class=\"fade-in-up\">Prensa y comunicados de la confederaci\u00f3n REML.<\/p>\n\n\n\n<hr class=\"wp-block-separator fade-in-up\"\/>\n\n\n\n<div style=\"color:#ddd\" class=\"wp-block-genesis-blocks-gb-spacer gb-block-spacer gb-divider-solid gb-divider-size-1\"><hr style=\"height:30px\"\/><\/div>\n\n\n<section class=\"gb-block-post-grid featuredpost aligncenter fade-in-up\"><div class=\"gb-post-grid-items is-grid columns-2\"><article id=\"post-444\" class=\"gb-post-grid-item post-444 post type-post status-publish format-standard has-post-thumbnail category-avisos-legales category-blog category-constitucion category-denuncias category-edictos category-historia-del-fraude category-noticias category-relaciones-exteriores category-seccion-1 category-seccion-2 category-seccion-3 entry\"><div class=\"gb-block-post-grid-image\"><a href=\"https:\/\/nevfreeman.reml.live\/en\/entrada-de-ejemplo\/\" rel=\"bookmark\" aria-hidden=\"true\" tabindex=\"-1\"><img width=\"600\" height=\"338\" src=\"https:\/\/nevfreeman.reml.live\/wp-content\/uploads\/2021\/01\/law-firm-sample-4-600x338-1.jpg\" class=\"attachment-featured-blog size-featured-blog\" alt=\"\" loading=\"lazy\" \/><\/a><\/div><div class=\"gb-block-post-grid-text\"><header class=\"gb-block-post-grid-header\"><h3 class=\"gb-block-post-grid-title\"><a href=\"https:\/\/nevfreeman.reml.live\/en\/entrada-de-ejemplo\/\" rel=\"bookmark\">Entrada de ejemplo<\/a><\/h3><div class=\"gb-block-post-grid-byline\"><div class=\"gb-block-post-grid-author\" itemprop=\"author\" itemtype=\"https:\/\/schema.org\/Person\"><a class=\"gb-text-link\" href=\"https:\/\/nevfreeman.reml.live\/en\/author\/remllive\/\" itemprop=\"url\" rel=\"author\"><span itemprop=\"name\">reml.live<\/span><\/a><\/div><time datetime=\"2021-03-02T11:17:04+00:00\" class=\"gb-block-post-grid-date\" itemprop=\"datePublished\">March 2, 2021<\/time><\/div><\/header><div class=\"gb-block-post-grid-excerpt\"><\/div><\/div><\/article>\n<article id=\"post-325\" class=\"gb-post-grid-item post-325 post type-post status-publish format-standard category-paginas-pilar entry\"><div class=\"gb-block-post-grid-text\"><header class=\"gb-block-post-grid-header\"><h3 class=\"gb-block-post-grid-title\"><a href=\"https:\/\/nevfreeman.reml.live\/en\/republicas\/\" rel=\"bookmark\">Rep\u00fablicas Independientes \/ Seres Vivos emancipados del sistema<\/a><\/h3><div class=\"gb-block-post-grid-byline\"><div class=\"gb-block-post-grid-author\" itemprop=\"author\" itemtype=\"https:\/\/schema.org\/Person\"><a class=\"gb-text-link\" href=\"https:\/\/nevfreeman.reml.live\/en\/author\/remllive\/\" itemprop=\"url\" rel=\"author\"><span itemprop=\"name\">reml.live<\/span><\/a><\/div><time datetime=\"2021-02-06T18:10:14+00:00\" class=\"gb-block-post-grid-date\" itemprop=\"datePublished\">February 6, 2021<\/time><\/div><\/header><div class=\"gb-block-post-grid-excerpt\"><\/div><\/div><\/article>\n<article id=\"post-304\" class=\"gb-post-grid-item post-304 post type-post status-publish format-standard category-ley entry\"><div class=\"gb-block-post-grid-text\"><header class=\"gb-block-post-grid-header\"><h3 class=\"gb-block-post-grid-title\"><a href=\"https:\/\/nevfreeman.reml.live\/en\/convencion-sobre-derechos-y-deberes-de-los-estados\/\" rel=\"bookmark\">Convenci\u00f3n<\/a><\/h3><div class=\"gb-block-post-grid-byline\"><div class=\"gb-block-post-grid-author\" itemprop=\"author\" itemtype=\"https:\/\/schema.org\/Person\"><a class=\"gb-text-link\" href=\"https:\/\/nevfreeman.reml.live\/en\/author\/remllive\/\" itemprop=\"url\" rel=\"author\"><span itemprop=\"name\">reml.live<\/span><\/a><\/div><time datetime=\"2021-02-04T00:01:49+00:00\" class=\"gb-block-post-grid-date\" itemprop=\"datePublished\">February 4, 2021<\/time><\/div><\/header><div class=\"gb-block-post-grid-excerpt\"><\/div><\/div><\/article>\n<article id=\"post-232\" class=\"gb-post-grid-item post-232 post type-post status-publish format-standard category-ley category-tratados entry\"><div class=\"gb-block-post-grid-text\"><header class=\"gb-block-post-grid-header\"><h3 class=\"gb-block-post-grid-title\"><a href=\"https:\/\/nevfreeman.reml.live\/en\/tratado-montevideo\/\" rel=\"bookmark\">Tratado de Montevideo &#8211; Derecho Civil Internacional<\/a><\/h3><div class=\"gb-block-post-grid-byline\"><div class=\"gb-block-post-grid-author\" itemprop=\"author\" itemtype=\"https:\/\/schema.org\/Person\"><a class=\"gb-text-link\" href=\"https:\/\/nevfreeman.reml.live\/en\/author\/remllive\/\" itemprop=\"url\" rel=\"author\"><span itemprop=\"name\">reml.live<\/span><\/a><\/div><time datetime=\"2021-01-30T08:34:44+00:00\" class=\"gb-block-post-grid-date\" itemprop=\"datePublished\">January 30, 2021<\/time><\/div><\/header><div class=\"gb-block-post-grid-excerpt\"><\/div><\/div><\/article>\n<\/div><\/section><\/div><\/div><\/div>","protected":false},"excerpt":{"rendered":"","protected":false},"author":1,"featured_media":0,"parent":0,"menu_order":0,"comment_status":"closed","ping_status":"closed","template":"","meta":{"_genesis_hide_title":true,"_genesis_hide_breadcrumbs":true,"_genesis_hide_singular_image":true,"_genesis_hide_footer_widgets":false,"_genesis_custom_body_class":"","_genesis_custom_post_class":"","_genesis_layout":"full-width-content"},"featured_image_src":null,"featured_image_src_square":null,"_links":{"self":[{"href":"https:\/\/nevfreeman.reml.live\/en\/wp-json\/wp\/v2\/pages\/7"}],"collection":[{"href":"https:\/\/nevfreeman.reml.live\/en\/wp-json\/wp\/v2\/pages"}],"about":[{"href":"https:\/\/nevfreeman.reml.live\/en\/wp-json\/wp\/v2\/types\/page"}],"author":[{"embeddable":true,"href":"https:\/\/nevfreeman.reml.live\/en\/wp-json\/wp\/v2\/users\/1"}],"replies":[{"embeddable":true,"href":"https:\/\/nevfreeman.reml.live\/en\/wp-json\/wp\/v2\/comments?post=7"}],"version-history":[{"count":36,"href":"https:\/\/nevfreeman.reml.live\/en\/wp-json\/wp\/v2\/pages\/7\/revisions"}],"predecessor-version":[{"id":492,"href":"https:\/\/nevfreeman.reml.live\/en\/wp-json\/wp\/v2\/pages\/7\/revisions\/492"}],"wp:attachment":[{"href":"https:\/\/nevfreeman.reml.live\/en\/wp-json\/wp\/v2\/media?parent=7"}],"curies":[{"name":"wp","href":"https:\/\/api.w.org\/{rel}","templated":true}]}}